{"id":103369,"date":"2024-09-26T10:30:36","date_gmt":"2024-09-26T13:30:36","guid":{"rendered":"http:\/\/reblit.com\/?page_id=103369"},"modified":"2025-05-07T17:36:32","modified_gmt":"2025-05-07T20:36:32","slug":"heroica","status":"publish","type":"page","link":"https:\/\/reblit.com\/it\/heroica\/","title":{"rendered":"Work Detail-Dark"},"content":{"rendered":"\t\t<div data-elementor-type=\"wp-page\" data-elementor-id=\"103369\" class=\"elementor elementor-103369\">\n\t\t\t\t<div class=\"elementor-element elementor-element-bb15831 e-con-full e-flex e-con e-parent\" data-id=\"bb15831\" data-element_type=\"container\">\n\t\t\t\t<div class=\"elementor-element elementor-element-f78821a elementor-widget elementor-widget-workdetailhero\" data-id=\"f78821a\" data-element_type=\"widget\" data-widget_type=\"workdetailhero.default\">\n\t\t\t\t<div class=\"elementor-widget-container\">\n\t\t\t\n<!-- ===== Work Detail Header Start ===== -->\n<section class=\"work-detail-header-infos\" data-aos=\"slide-up\">\n        <div class=\"work-detail-header-left\">\n        <h1>Heroica<\/h1>\n        <p>Branding e identidad visual para Heroica panader\u00eda<\/p>\n    <\/div>\n    \n        <div class=\"work-detail-header-right\">\n        <ul>\n                            <li><span>CLIENT<\/span> Heroica<\/li>\n                            <li><span>YEAR<\/span> 2021<\/li>\n                            <li><span>Work<\/span> Brand Identity<\/li>\n                        <\/ul>    <\/div>\n    <\/section>\n<!-- ===== Work Detail Header End ===== -->\n   \n\n    \t\t<\/div>\n\t\t\t\t<\/div>\n\t\t\t\t<\/div>\n\t\t<div class=\"elementor-element elementor-element-0442296 e-con-full e-flex e-con e-parent\" data-id=\"0442296\" data-element_type=\"container\">\n\t\t\t\t<div class=\"elementor-element elementor-element-c0e0536 elementor-widget elementor-widget-workdetailimage\" data-id=\"c0e0536\" data-element_type=\"widget\" data-widget_type=\"workdetailimage.default\">\n\t\t\t\t<div class=\"elementor-widget-container\">\n\t\t\t\n<!-- ===== Work Detail Full Image Start ===== -->\n<div class=\"work-detail-full-img-wrap work-detail-full-img-wrap2\">\n            <div class=\"work-detail-full-img\">\n        <img decoding=\"async\" src=\"https:\/\/reblit.com\/wp-content\/uploads\/2024\/09\/Mesa-de-trabajo-1-copia-3-100.jpg\" alt=\"\">\n    <\/div>\n        <\/div>\n<!-- ===== Work Detail Full Image End ===== -->\n\n\n    \t\t<\/div>\n\t\t\t\t<\/div>\n\t\t\t\t<\/div>\n\t\t<div class=\"elementor-element elementor-element-e3eab1e e-con-full e-flex e-con e-parent\" data-id=\"e3eab1e\" data-element_type=\"container\">\n\t\t\t\t<div class=\"elementor-element elementor-element-29147f3 elementor-widget elementor-widget-workdetailcontent\" data-id=\"29147f3\" data-element_type=\"widget\" data-widget_type=\"workdetailcontent.default\">\n\t\t\t\t<div class=\"elementor-widget-container\">\n\t\t\t\n<!-- ===== Work Detail2 Start ===== -->\n<div class=\"work-detail2-content-wrap \">\n            <div class=\"work-detail2-content-box\">\n        <div class=\"left\">\n            <h4>EL PROYECTO<\/h4>\n        <\/div>\n        <div class=\"right\">\n            <p data-aos=\"slide-up\">Heroica es una panader\u00eda de la ciudad de Rosario que se especializa en boller\u00eda y laminados de alt\u00edsima calidad<\/p>\n        <\/div>\n    <\/div>\n                <div class=\"work-detail2-content-box\">\n        <div class=\"left\">\n            <h4>PROP\u00d3SITO<\/h4>\n        <\/div>\n        <div class=\"right\">\n            <p data-aos=\"slide-up\">Hacer las cosas bien, pero bien de verdad<\/p>\n        <\/div>\n    <\/div>\n        <\/div>\n<!-- ===== Work Detail2 End ===== -->\n \n    \n    \t\t<\/div>\n\t\t\t\t<\/div>\n\t\t\t\t<\/div>\n\t\t<div class=\"elementor-element elementor-element-41d537e e-con-full e-flex e-con e-parent\" data-id=\"41d537e\" data-element_type=\"container\">\n\t\t\t\t<div class=\"elementor-element elementor-element-9a728d3 elementor-widget elementor-widget-workdetailimage\" data-id=\"9a728d3\" data-element_type=\"widget\" data-widget_type=\"workdetailimage.default\">\n\t\t\t\t<div class=\"elementor-widget-container\">\n\t\t\t\n<!-- ===== Work Detail Full Image Start ===== -->\n<div class=\"work-detail-full-img-wrap work-detail-full-img-wrap2\">\n            <div class=\"work-detail-full-img\">\n        <img decoding=\"async\" src=\"https:\/\/reblit.com\/wp-content\/uploads\/2024\/09\/Mesa-de-trabajo-1-copia-6-100-1.jpg\" alt=\"\">\n    <\/div>\n        <\/div>\n<!-- ===== Work Detail Full Image End ===== -->\n\n\n    \t\t<\/div>\n\t\t\t\t<\/div>\n\t\t\t\t<\/div>\n\t\t<div class=\"elementor-element elementor-element-5bc77f2 e-con-full e-flex e-con e-parent\" data-id=\"5bc77f2\" data-element_type=\"container\">\n\t\t\t\t<div class=\"elementor-element elementor-element-c71681e elementor-widget elementor-widget-workdetailcontent\" data-id=\"c71681e\" data-element_type=\"widget\" data-widget_type=\"workdetailcontent.default\">\n\t\t\t\t<div class=\"elementor-widget-container\">\n\t\t\t\n<!-- ===== Work Detail2 Start ===== -->\n<div class=\"work-detail2-content-wrap work-detail2-content-wrap2\">\n            <div class=\"work-detail2-content-box\">\n        <div class=\"left\">\n            <h4>CONCEPTO: PANADER\u00cdA DEL BIEN<\/h4>\n        <\/div>\n        <div class=\"right\">\n            <p data-aos=\"slide-up\">Una panader\u00eda que cree fuertemente en el saber hacer de las cosas. Creamos un concepto fuerte inspirado en la frase popular \u201cEste es un lugar del Bien\u201d bajando su concepto y prop\u00f3sito  en una frase tipo slogan es Panader\u00eda del Bien.\n<\/p>\n        <\/div>\n    <\/div>\n        <\/div>\n<!-- ===== Work Detail2 End ===== -->\n \n    \n    \t\t<\/div>\n\t\t\t\t<\/div>\n\t\t\t\t<\/div>\n\t\t<div class=\"elementor-element elementor-element-f2aad1d e-con-full e-flex e-con e-parent\" data-id=\"f2aad1d\" data-element_type=\"container\">\n\t\t\t\t<div class=\"elementor-element elementor-element-b0f7119 elementor-widget__width-inherit elementor-widget elementor-widget-workdetailimage\" data-id=\"b0f7119\" data-element_type=\"widget\" data-widget_type=\"workdetailimage.default\">\n\t\t\t\t<div class=\"elementor-widget-container\">\n\t\t\t\n<!-- ===== Work Detail Full Image Start ===== -->\n<div class=\"work-detail-full-img-wrap work-detail-full-img-wrap2\">\n            <div class=\"work-detail-full-img\">\n        <img decoding=\"async\" src=\"https:\/\/reblit.com\/wp-content\/uploads\/2024\/09\/Mesa-de-trabajo-1-100.jpg\" alt=\"\">\n    <\/div>\n                <div class=\"work-detail-full-img\">\n        <img decoding=\"async\" src=\"https:\/\/reblit.com\/wp-content\/uploads\/2024\/09\/Mesa-de-trabajo-1-copia-100-1.jpg\" alt=\"\">\n    <\/div>\n                <div class=\"work-detail-full-img\">\n        <img decoding=\"async\" src=\"https:\/\/reblit.com\/wp-content\/uploads\/2024\/09\/Mesa-de-trabajo-1-copia-2-100.jpg\" alt=\"\">\n    <\/div>\n                <div class=\"work-detail-full-img\">\n        <img decoding=\"async\" src=\"https:\/\/reblit.com\/wp-content\/uploads\/2024\/09\/Mesa-de-trabajo-1-copia-4-100-1.jpg\" alt=\"\">\n    <\/div>\n                <div class=\"work-detail-full-img\">\n        <img decoding=\"async\" src=\"https:\/\/reblit.com\/wp-content\/uploads\/2024\/09\/Mesa-de-trabajo-1-copia-5-100.jpg\" alt=\"\">\n    <\/div>\n                <div class=\"work-detail-full-img\">\n        <img decoding=\"async\" src=\"https:\/\/reblit.com\/wp-content\/uploads\/2024\/09\/Mesa-de-trabajo-1-copia-7-100-1.jpg\" alt=\"\">\n    <\/div>\n                <div class=\"work-detail-full-img\">\n        <img decoding=\"async\" src=\"https:\/\/reblit.com\/wp-content\/uploads\/2024\/09\/Mesa-de-trabajo-1-copia-8-100-1.jpg\" alt=\"\">\n    <\/div>\n                <div class=\"work-detail-full-img\">\n        <img decoding=\"async\" src=\"https:\/\/reblit.com\/wp-content\/uploads\/2024\/09\/Mesa-de-trabajo-1-copia-9-100-3.jpg\" alt=\"\">\n    <\/div>\n                <div class=\"work-detail-full-img\">\n        <img decoding=\"async\" src=\"https:\/\/reblit.com\/wp-content\/uploads\/2024\/09\/Mesa-de-trabajo-1-copia-10-100-3.jpg\" alt=\"\">\n    <\/div>\n        <\/div>\n<!-- ===== Work Detail Full Image End ===== -->\n\n\n    \t\t<\/div>\n\t\t\t\t<\/div>\n\t\t\t\t<\/div>\n\t\t<div class=\"elementor-element elementor-element-fefeac9 e-con-full e-flex e-con e-parent\" data-id=\"fefeac9\" data-element_type=\"container\">\n\t\t\t\t<div class=\"elementor-element elementor-element-4f36dac elementor-widget elementor-widget-workdetailanimationtext\" data-id=\"4f36dac\" data-element_type=\"widget\" data-widget_type=\"workdetailanimationtext.default\">\n\t\t\t\t<div class=\"elementor-widget-container\">\n\t\t\t\n<!-- ===== Work Detail Text Animation Start ===== -->\n<div class=\"work-detail-text-anim-wrap\">\n    <ul>\n                <li>MORE WORKS <span>MORE WORKS<\/span><\/li>\n                <li>MORE WORKS <span>MORE WORKS<\/span><\/li>\n                <li>MORE WORKS <span>MORE WORKS<\/span><\/li>\n                <li>MORE WORKS <span>MORE WORKS<\/span><\/li>\n            <\/ul>\n<\/div>\n<!-- ===== Work Detail Text Animation End ===== -->\n\n\n    \t\t<\/div>\n\t\t\t\t<\/div>\n\t\t\t\t<\/div>\n\t\t<div class=\"elementor-element elementor-element-4af59c6 e-con-full e-flex e-con e-parent\" data-id=\"4af59c6\" data-element_type=\"container\">\n\t\t\t\t<div class=\"elementor-element elementor-element-b9d6cc0 elementor-widget elementor-widget-homefeatured\" data-id=\"b9d6cc0\" data-element_type=\"widget\" data-widget_type=\"homefeatured.default\">\n\t\t\t\t<div class=\"elementor-widget-container\">\n\t\t\t\n<!-- ===== Featured Work Start ===== -->\n<section class=\"featured-work-sec\">\n    \n    <div class=\"featured-work-lists\">\n\n        \n                <!-- Featured Cart -->\n        <div class=\"featured-card\">\n            <a             class=\"link-overlay\" href=\"https:\/\/reblit.com\/powerb2x\"><\/a>\n                        <div class=\"img-box\">\n                <img decoding=\"async\" src=\"https:\/\/reblit.com\/wp-content\/uploads\/2024\/09\/Tablet-scaled.jpg\" alt=\"\">\n            <\/div>\n                        <div class=\"content\">\n                <div class=\"left\">\n                    <p class=\"title\">Powerb2x<\/p>\n                    <p class=\"subtitle\">Branding<\/p>\n                <\/div>\n                                <div class=\"right\">\n                    <span class=\"date\">2024<\/span>\n                <\/div>\n                            <\/div>\n        <\/div>\n                \n                <!-- Featured Cart -->\n        <div class=\"featured-card\">\n            <a             class=\"link-overlay\" href=\"https:\/\/reblit.com\/quattro\"><\/a>\n                        <div class=\"img-box\">\n                <img decoding=\"async\" src=\"https:\/\/reblit.com\/wp-content\/uploads\/2024\/09\/Mesa-de-trabajo-1-copia-42-100.jpg\" alt=\"\">\n            <\/div>\n                        <div class=\"content\">\n                <div class=\"left\">\n                    <p class=\"title\">Quattro Caf\u00e9<\/p>\n                    <p class=\"subtitle\">Branding<\/p>\n                <\/div>\n                                <div class=\"right\">\n                    <span class=\"date\">2024<\/span>\n                <\/div>\n                            <\/div>\n        <\/div>\n                \n                <!-- Featured Cart -->\n        <div class=\"featured-card\">\n            <a             class=\"link-overlay\" href=\"http:\/\/reblit.com\/wobox\"><\/a>\n                        <div class=\"img-box\">\n                <img decoding=\"async\" src=\"https:\/\/reblit.com\/wp-content\/uploads\/2024\/09\/Wobox_Identidad_Mesa-de-trabajo-1-copia-2-scaled.jpg\" alt=\"\">\n            <\/div>\n                        <div class=\"content\">\n                <div class=\"left\">\n                    <p class=\"title\">Wobox App<\/p>\n                    <p class=\"subtitle\">Branding<\/p>\n                <\/div>\n                                <div class=\"right\">\n                    <span class=\"date\">2024<\/span>\n                <\/div>\n                            <\/div>\n        <\/div>\n                \n    <\/div>\n<\/section>\n<!-- ===== Featured Work End ===== -->\n\n    \t\t<\/div>\n\t\t\t\t<\/div>\n\t\t\t\t<\/div>\n\t\t\t\t<\/div>\n\t\t","protected":false},"excerpt":{"rendered":"<p>Heroica Branding e identidad visual para Heroica panader\u00eda CLIENT Heroica YEAR 2021 Work Brand Identity EL PROYECTO Heroica es una panader\u00eda de la ciudad de Rosario que se especializa en boller\u00eda y laminados de alt\u00edsima calidad PROP\u00d3SITO Hacer las cosas bien, pero bien de verdad CONCEPTO: PANADER\u00cdA DEL BIEN Una panader\u00eda que cree fuertemente en [&hellip;]<\/p>\n","protected":false},"author":4,"featured_media":0,"parent":0,"menu_order":0,"comment_status":"closed","ping_status":"closed","template":"page-templates\/work-detail.php","meta":{"_acf_changed":false,"footnotes":""},"class_list":["post-103369","page","type-page","status-publish","hentry"],"acf":[],"_links":{"self":[{"href":"https:\/\/reblit.com\/it\/wp-json\/wp\/v2\/pages\/103369","targetHints":{"allow":["GET"]}}],"collection":[{"href":"https:\/\/reblit.com\/it\/wp-json\/wp\/v2\/pages"}],"about":[{"href":"https:\/\/reblit.com\/it\/wp-json\/wp\/v2\/types\/page"}],"author":[{"embeddable":true,"href":"https:\/\/reblit.com\/it\/wp-json\/wp\/v2\/users\/4"}],"replies":[{"embeddable":true,"href":"https:\/\/reblit.com\/it\/wp-json\/wp\/v2\/comments?post=103369"}],"version-history":[{"count":10,"href":"https:\/\/reblit.com\/it\/wp-json\/wp\/v2\/pages\/103369\/revisions"}],"predecessor-version":[{"id":103542,"href":"https:\/\/reblit.com\/it\/wp-json\/wp\/v2\/pages\/103369\/revisions\/103542"}],"wp:attachment":[{"href":"https:\/\/reblit.com\/it\/wp-json\/wp\/v2\/media?parent=103369"}],"curies":[{"name":"wp","href":"https:\/\/api.w.org\/{rel}","templated":true}]}}