{"id":103561,"date":"2025-05-21T13:21:23","date_gmt":"2025-05-21T16:21:23","guid":{"rendered":"https:\/\/reblit.com\/?page_id=103561"},"modified":"2025-05-21T17:07:54","modified_gmt":"2025-05-21T20:07:54","slug":"castro","status":"publish","type":"page","link":"https:\/\/reblit.com\/es\/castro\/","title":{"rendered":"Castro"},"content":{"rendered":"\t\t<div data-elementor-type=\"wp-page\" data-elementor-id=\"103561\" class=\"elementor elementor-103561\">\n\t\t\t\t<div class=\"elementor-element elementor-element-bb15831 e-con-full e-flex e-con e-parent\" data-id=\"bb15831\" data-element_type=\"container\">\n\t\t\t\t<div class=\"elementor-element elementor-element-f78821a elementor-widget elementor-widget-workdetailhero\" data-id=\"f78821a\" data-element_type=\"widget\" data-widget_type=\"workdetailhero.default\">\n\t\t\t\t<div class=\"elementor-widget-container\">\n\t\t\t\n<!-- ===== Work Detail Header Start ===== -->\n<section class=\"work-detail-header-infos\" data-aos=\"slide-up\">\n        <div class=\"work-detail-header-left\">\n        <h1>Castro Concesionarios<\/h1>\n        <p>Branding e identidad visual para Castro Consesionarios John Deere<\/p>\n    <\/div>\n    \n        <div class=\"work-detail-header-right\">\n        <ul>\n                            <li><span>CLIENTE<\/span> Castro<\/li>\n                            <li><span>A\u00d1O<\/span> 2025<\/li>\n                            <li><span>Trabajo<\/span> Brand Identity<\/li>\n                        <\/ul>    <\/div>\n    <\/section>\n<!-- ===== Work Detail Header End ===== -->\n   \n\n    \t\t<\/div>\n\t\t\t\t<\/div>\n\t\t\t\t<\/div>\n\t\t<div class=\"elementor-element elementor-element-0442296 e-con-full e-flex e-con e-parent\" data-id=\"0442296\" data-element_type=\"container\">\n\t\t\t\t<div class=\"elementor-element elementor-element-c0e0536 elementor-widget elementor-widget-workdetailimage\" data-id=\"c0e0536\" data-element_type=\"widget\" data-widget_type=\"workdetailimage.default\">\n\t\t\t\t<div class=\"elementor-widget-container\">\n\t\t\t\n<!-- ===== Work Detail Full Image Start ===== -->\n<div class=\"work-detail-full-img-wrap work-detail-full-img-wrap2\">\n            <div class=\"work-detail-full-img\">\n        <img decoding=\"async\" src=\"https:\/\/reblit.com\/wp-content\/uploads\/2025\/05\/Castro-44-scaled.jpg\" alt=\"\">\n    <\/div>\n        <\/div>\n<!-- ===== Work Detail Full Image End ===== -->\n\n\n    \t\t<\/div>\n\t\t\t\t<\/div>\n\t\t\t\t<\/div>\n\t\t<div class=\"elementor-element elementor-element-e3eab1e e-con-full e-flex e-con e-parent\" data-id=\"e3eab1e\" data-element_type=\"container\">\n\t\t\t\t<div class=\"elementor-element elementor-element-29147f3 elementor-widget elementor-widget-workdetailcontent\" data-id=\"29147f3\" data-element_type=\"widget\" data-widget_type=\"workdetailcontent.default\">\n\t\t\t\t<div class=\"elementor-widget-container\">\n\t\t\t\n<!-- ===== Work Detail2 Start ===== -->\n<div class=\"work-detail2-content-wrap \">\n            <div class=\"work-detail2-content-box\">\n        <div class=\"left\">\n            <h4>EL PROYECTO<\/h4>\n        <\/div>\n        <div class=\"right\">\n            <p data-aos=\"slide-up\">CASTRO es una empresa y concesionario l\u00edder con m\u00e1s de 65 a\u00f1os de experiencia en la comercializaci\u00f3n y soporte de maquinaria agr\u00edcola de alta tecnolog\u00eda. Es una marca familiar que ha evolucionado, combinando tradici\u00f3n y modernidad para ofrecer soluciones innovadoras que potencian la eficiencia y productividad en el sector agroindustrial.<\/p>\n        <\/div>\n    <\/div>\n                <div class=\"work-detail2-content-box\">\n        <div class=\"left\">\n            <h4>PROP\u00d3SITO<\/h4>\n        <\/div>\n        <div class=\"right\">\n            <p data-aos=\"slide-up\">CASTRO naci\u00f3 para transformar desafios en soluciones para potenciar la producci\u00f3n de sus clientes<\/p>\n        <\/div>\n    <\/div>\n        <\/div>\n<!-- ===== Work Detail2 End ===== -->\n \n    \n    \t\t<\/div>\n\t\t\t\t<\/div>\n\t\t\t\t<\/div>\n\t\t<div class=\"elementor-element elementor-element-41d537e e-con-full e-flex e-con e-parent\" data-id=\"41d537e\" data-element_type=\"container\">\n\t\t\t\t<div class=\"elementor-element elementor-element-9a728d3 elementor-widget elementor-widget-workdetailimage\" data-id=\"9a728d3\" data-element_type=\"widget\" data-widget_type=\"workdetailimage.default\">\n\t\t\t\t<div class=\"elementor-widget-container\">\n\t\t\t\n<!-- ===== Work Detail Full Image Start ===== -->\n<div class=\"work-detail-full-img-wrap work-detail-full-img-wrap2\">\n            <div class=\"work-detail-full-img\">\n        <img decoding=\"async\" src=\"https:\/\/reblit.com\/wp-content\/uploads\/2025\/05\/Castro-49-scaled.jpg\" alt=\"\">\n    <\/div>\n        <\/div>\n<!-- ===== Work Detail Full Image End ===== -->\n\n\n    \t\t<\/div>\n\t\t\t\t<\/div>\n\t\t\t\t<\/div>\n\t\t<div class=\"elementor-element elementor-element-5bc77f2 e-con-full e-flex e-con e-parent\" data-id=\"5bc77f2\" data-element_type=\"container\">\n\t\t\t\t<div class=\"elementor-element elementor-element-c71681e elementor-widget elementor-widget-workdetailcontent\" data-id=\"c71681e\" data-element_type=\"widget\" data-widget_type=\"workdetailcontent.default\">\n\t\t\t\t<div class=\"elementor-widget-container\">\n\t\t\t\n<!-- ===== Work Detail2 Start ===== -->\n<div class=\"work-detail2-content-wrap work-detail2-content-wrap2\">\n            <div class=\"work-detail2-content-box\">\n        <div class=\"left\">\n            <h4>CONCEPTO: LA SOLUCI\u00d3N COMO RESPUESTA<\/h4>\n        <\/div>\n        <div class=\"right\">\n            <p data-aos=\"slide-up\">El concepto de la marca y su estrategia se centra en ser un solucionador de problemas, en la soluci\u00f3n como respuesta. Un aliado clave para los desaf\u00edos y problem\u00e1ticas de todo aquel que quiera producir y generar beneficios. Un socio que entiende profundamente el 360 del productor\/empresario con precisi\u00f3n. Desde la adquisici\u00f3n de maquinaria, hasta el mantenimiento y adopci\u00f3n de nuevas tecnolog\u00edas. \n<\/p>\n        <\/div>\n    <\/div>\n        <\/div>\n<!-- ===== Work Detail2 End ===== -->\n \n    \n    \t\t<\/div>\n\t\t\t\t<\/div>\n\t\t\t\t<\/div>\n\t\t<div class=\"elementor-element elementor-element-f2aad1d e-con-full e-flex e-con e-parent\" data-id=\"f2aad1d\" data-element_type=\"container\">\n\t\t\t\t<div class=\"elementor-element elementor-element-b0f7119 elementor-widget__width-inherit elementor-widget elementor-widget-workdetailimage\" data-id=\"b0f7119\" data-element_type=\"widget\" data-widget_type=\"workdetailimage.default\">\n\t\t\t\t<div class=\"elementor-widget-container\">\n\t\t\t\n<!-- ===== Work Detail Full Image Start ===== -->\n<div class=\"work-detail-full-img-wrap work-detail-full-img-wrap2\">\n            <div class=\"work-detail-full-img\">\n        <img decoding=\"async\" src=\"https:\/\/reblit.com\/wp-content\/uploads\/2025\/05\/Castro-45-scaled.jpg\" alt=\"\">\n    <\/div>\n                <div class=\"work-detail-full-img\">\n        <img decoding=\"async\" src=\"https:\/\/reblit.com\/wp-content\/uploads\/2025\/05\/Castro-46-scaled.jpg\" alt=\"\">\n    <\/div>\n                <div class=\"work-detail-full-img\">\n        <img decoding=\"async\" src=\"https:\/\/reblit.com\/wp-content\/uploads\/2025\/05\/Castro-48-scaled.jpg\" alt=\"\">\n    <\/div>\n                <div class=\"work-detail-full-img\">\n        <img decoding=\"async\" src=\"https:\/\/reblit.com\/wp-content\/uploads\/2025\/05\/Castro-50-scaled.jpg\" alt=\"\">\n    <\/div>\n                <div class=\"work-detail-full-img\">\n        <img decoding=\"async\" src=\"https:\/\/reblit.com\/wp-content\/uploads\/2025\/05\/Castro-51-scaled.jpg\" alt=\"\">\n    <\/div>\n                <div class=\"work-detail-full-img\">\n        <img decoding=\"async\" src=\"https:\/\/reblit.com\/wp-content\/uploads\/2025\/05\/Castro-52-scaled.jpg\" alt=\"\">\n    <\/div>\n                <div class=\"work-detail-full-img\">\n        <img decoding=\"async\" src=\"https:\/\/reblit.com\/wp-content\/uploads\/2025\/05\/Castro-53-scaled.jpg\" alt=\"\">\n    <\/div>\n                <div class=\"work-detail-full-img\">\n        <img decoding=\"async\" src=\"https:\/\/reblit.com\/wp-content\/uploads\/2025\/05\/Castro-55-scaled.jpg\" alt=\"\">\n    <\/div>\n                <div class=\"work-detail-full-img\">\n        <img decoding=\"async\" src=\"https:\/\/reblit.com\/wp-content\/uploads\/2025\/05\/Castro-56-scaled.jpg\" alt=\"\">\n    <\/div>\n                <div class=\"work-detail-full-img\">\n        <img decoding=\"async\" src=\"https:\/\/reblit.com\/wp-content\/uploads\/2025\/05\/Castro-58-scaled.jpg\" alt=\"\">\n    <\/div>\n                <div class=\"work-detail-full-img\">\n        <img decoding=\"async\" src=\"https:\/\/reblit.com\/wp-content\/uploads\/2025\/05\/Castro-60-scaled.jpg\" alt=\"\">\n    <\/div>\n        <\/div>\n<!-- ===== Work Detail Full Image End ===== -->\n\n\n    \t\t<\/div>\n\t\t\t\t<\/div>\n\t\t\t\t<\/div>\n\t\t<div class=\"elementor-element elementor-element-fefeac9 e-con-full e-flex e-con e-parent\" data-id=\"fefeac9\" data-element_type=\"container\">\n\t\t\t\t<div class=\"elementor-element elementor-element-4f36dac elementor-widget elementor-widget-workdetailanimationtext\" data-id=\"4f36dac\" data-element_type=\"widget\" data-widget_type=\"workdetailanimationtext.default\">\n\t\t\t\t<div class=\"elementor-widget-container\">\n\t\t\t\n<!-- ===== Work Detail Text Animation Start ===== -->\n<div class=\"work-detail-text-anim-wrap\">\n    <ul>\n                <li>MORE WORKS <span>MORE WORKS<\/span><\/li>\n                <li>MORE WORKS <span>MORE WORKS<\/span><\/li>\n                <li>MORE WORKS <span>MORE WORKS<\/span><\/li>\n                <li>MORE WORKS <span>MORE WORKS<\/span><\/li>\n            <\/ul>\n<\/div>\n<!-- ===== Work Detail Text Animation End ===== -->\n\n\n    \t\t<\/div>\n\t\t\t\t<\/div>\n\t\t\t\t<\/div>\n\t\t<div class=\"elementor-element elementor-element-4af59c6 e-con-full e-flex e-con e-parent\" data-id=\"4af59c6\" data-element_type=\"container\">\n\t\t\t\t<div class=\"elementor-element elementor-element-b9d6cc0 elementor-widget elementor-widget-homefeatured\" data-id=\"b9d6cc0\" data-element_type=\"widget\" data-widget_type=\"homefeatured.default\">\n\t\t\t\t<div class=\"elementor-widget-container\">\n\t\t\t\n<!-- ===== Featured Work Start ===== -->\n<section class=\"featured-work-sec\">\n    \n    <div class=\"featured-work-lists\">\n\n        \n                <!-- Featured Cart -->\n        <div class=\"featured-card\">\n            <a             class=\"link-overlay\" href=\"https:\/\/reblit.com\/es\/verse\"><\/a>\n                        <div class=\"img-box\">\n                <img decoding=\"async\" src=\"https:\/\/reblit.com\/wp-content\/uploads\/2024\/07\/Logo_Bocetos-17-scaled.jpg\" alt=\"\">\n            <\/div>\n                        <div class=\"content\">\n                <div class=\"left\">\n                    <p class=\"title\">VERS\u00e9 caf\u00e9<\/p>\n                    <p class=\"subtitle\">Branding<\/p>\n                <\/div>\n                                <div class=\"right\">\n                    <span class=\"date\">2022<\/span>\n                <\/div>\n                            <\/div>\n        <\/div>\n                \n                <!-- Featured Cart -->\n        <div class=\"featured-card\">\n            <a             class=\"link-overlay\" href=\"https:\/\/reblit.com\/es\/quattro\"><\/a>\n                        <div class=\"img-box\">\n                <img decoding=\"async\" src=\"https:\/\/reblit.com\/wp-content\/uploads\/2024\/09\/Mesa-de-trabajo-1-copia-42-100.jpg\" alt=\"\">\n            <\/div>\n                        <div class=\"content\">\n                <div class=\"left\">\n                    <p class=\"title\">Quattro Caf\u00e9<\/p>\n                    <p class=\"subtitle\">Branding<\/p>\n                <\/div>\n                                <div class=\"right\">\n                    <span class=\"date\">2024<\/span>\n                <\/div>\n                            <\/div>\n        <\/div>\n                \n                <!-- Featured Cart -->\n        <div class=\"featured-card\">\n            <a             class=\"link-overlay\" href=\"http:\/\/reblit.com\/wobox\/\"><\/a>\n                        <div class=\"img-box\">\n                <img decoding=\"async\" src=\"https:\/\/reblit.com\/wp-content\/uploads\/2024\/09\/Wobox_Identidad_Mesa-de-trabajo-1-copia-14-scaled.jpg\" alt=\"\">\n            <\/div>\n                        <div class=\"content\">\n                <div class=\"left\">\n                    <p class=\"title\">Wobox App<\/p>\n                    <p class=\"subtitle\">Branding<\/p>\n                <\/div>\n                                <div class=\"right\">\n                    <span class=\"date\">2023<\/span>\n                <\/div>\n                            <\/div>\n        <\/div>\n                \n    <\/div>\n<\/section>\n<!-- ===== Featured Work End ===== -->\n\n    \t\t<\/div>\n\t\t\t\t<\/div>\n\t\t\t\t<\/div>\n\t\t\t\t<\/div>\n\t\t","protected":false},"excerpt":{"rendered":"<p>Castro Concesionarios Branding e identidad visual para Castro Consesionarios John Deere CLIENTE Castro A\u00d1O 2025 Trabajo Brand Identity EL PROYECTO CASTRO es una empresa y concesionario l\u00edder con m\u00e1s de 65 a\u00f1os de experiencia en la comercializaci\u00f3n y soporte de maquinaria agr\u00edcola de alta tecnolog\u00eda. Es una marca familiar que ha evolucionado, combinando tradici\u00f3n y [&hellip;]<\/p>\n","protected":false},"author":4,"featured_media":0,"parent":0,"menu_order":0,"comment_status":"closed","ping_status":"closed","template":"page-templates\/work-detail.php","meta":{"_acf_changed":false,"footnotes":""},"class_list":["post-103561","page","type-page","status-publish","hentry"],"acf":[],"_links":{"self":[{"href":"https:\/\/reblit.com\/es\/wp-json\/wp\/v2\/pages\/103561","targetHints":{"allow":["GET"]}}],"collection":[{"href":"https:\/\/reblit.com\/es\/wp-json\/wp\/v2\/pages"}],"about":[{"href":"https:\/\/reblit.com\/es\/wp-json\/wp\/v2\/types\/page"}],"author":[{"embeddable":true,"href":"https:\/\/reblit.com\/es\/wp-json\/wp\/v2\/users\/4"}],"replies":[{"embeddable":true,"href":"https:\/\/reblit.com\/es\/wp-json\/wp\/v2\/comments?post=103561"}],"version-history":[{"count":12,"href":"https:\/\/reblit.com\/es\/wp-json\/wp\/v2\/pages\/103561\/revisions"}],"predecessor-version":[{"id":103604,"href":"https:\/\/reblit.com\/es\/wp-json\/wp\/v2\/pages\/103561\/revisions\/103604"}],"wp:attachment":[{"href":"https:\/\/reblit.com\/es\/wp-json\/wp\/v2\/media?parent=103561"}],"curies":[{"name":"wp","href":"https:\/\/api.w.org\/{rel}","templated":true}]}}