{"id":103296,"date":"2024-09-25T18:13:29","date_gmt":"2024-09-25T21:13:29","guid":{"rendered":"http:\/\/reblit.com\/?page_id=103296"},"modified":"2025-03-20T15:35:05","modified_gmt":"2025-03-20T18:35:05","slug":"quattro","status":"publish","type":"page","link":"https:\/\/reblit.com\/es\/quattro\/","title":{"rendered":"Work Detail-Dark"},"content":{"rendered":"\t\t<div data-elementor-type=\"wp-page\" data-elementor-id=\"103296\" class=\"elementor elementor-103296\">\n\t\t\t\t<div class=\"elementor-element elementor-element-bb15831 e-con-full e-flex e-con e-parent\" data-id=\"bb15831\" data-element_type=\"container\">\n\t\t\t\t<div class=\"elementor-element elementor-element-f78821a elementor-widget elementor-widget-workdetailhero\" data-id=\"f78821a\" data-element_type=\"widget\" data-widget_type=\"workdetailhero.default\">\n\t\t\t\t<div class=\"elementor-widget-container\">\n\t\t\t\n<!-- ===== Work Detail Header Start ===== -->\n<section class=\"work-detail-header-infos\" data-aos=\"slide-up\">\n        <div class=\"work-detail-header-left\">\n        <h1>Quattro Caf\u00e9<\/h1>\n        <p>Branding e identidad visual para Quattro Caf\u00e9<\/p>\n    <\/div>\n    \n        <div class=\"work-detail-header-right\">\n        <ul>\n                            <li><span>CLIENT<\/span> Quattro Caf\u00e9<\/li>\n                            <li><span>YEAR<\/span> 2024<\/li>\n                            <li><span>Work<\/span> Brand Identity<\/li>\n                        <\/ul>    <\/div>\n    <\/section>\n<!-- ===== Work Detail Header End ===== -->\n   \n\n    \t\t<\/div>\n\t\t\t\t<\/div>\n\t\t\t\t<\/div>\n\t\t<div class=\"elementor-element elementor-element-0442296 e-con-full e-flex e-con e-parent\" data-id=\"0442296\" data-element_type=\"container\">\n\t\t\t\t<div class=\"elementor-element elementor-element-c0e0536 elementor-widget elementor-widget-workdetailimage\" data-id=\"c0e0536\" data-element_type=\"widget\" data-widget_type=\"workdetailimage.default\">\n\t\t\t\t<div class=\"elementor-widget-container\">\n\t\t\t\n<!-- ===== Work Detail Full Image Start ===== -->\n<div class=\"work-detail-full-img-wrap work-detail-full-img-wrap2\">\n            <div class=\"work-detail-full-img\">\n        <img decoding=\"async\" src=\"https:\/\/reblit.com\/wp-content\/uploads\/2024\/09\/Mesa-de-trabajo-1-copia-34-100.jpg\" alt=\"\">\n    <\/div>\n        <\/div>\n<!-- ===== Work Detail Full Image End ===== -->\n\n\n    \t\t<\/div>\n\t\t\t\t<\/div>\n\t\t\t\t<\/div>\n\t\t<div class=\"elementor-element elementor-element-e3eab1e e-con-full e-flex e-con e-parent\" data-id=\"e3eab1e\" data-element_type=\"container\">\n\t\t\t\t<div class=\"elementor-element elementor-element-29147f3 elementor-widget elementor-widget-workdetailcontent\" data-id=\"29147f3\" data-element_type=\"widget\" data-widget_type=\"workdetailcontent.default\">\n\t\t\t\t<div class=\"elementor-widget-container\">\n\t\t\t\n<!-- ===== Work Detail2 Start ===== -->\n<div class=\"work-detail2-content-wrap \">\n            <div class=\"work-detail2-content-box\">\n        <div class=\"left\">\n            <h4>EL PROYECTO<\/h4>\n        <\/div>\n        <div class=\"right\">\n            <p data-aos=\"slide-up\">Quattro es una cafeter\u00eda de especialidad que busca posicionarse como una buena alternativa para el caf\u00e9 social. Pasar el rato. Punto de encuentro.Un lugar que va a desarrollar eventos del mundo del caf\u00e9 y de otros mundos tambi\u00e9n.\n<br\/>\n<br\/>\nQuattro lleg\u00f3 al studio para desarrollar su branding y dise\u00f1ar su identidad visual.\n<br\/>\n<br\/>\nBuscamos dise\u00f1ar una marca minimalista, moderna, no muy cargada que refleje calidad y transparencia pero que tenga un toque de cercan\u00eda. \n<\/p>\n        <\/div>\n    <\/div>\n        <\/div>\n<!-- ===== Work Detail2 End ===== -->\n \n    \n    \t\t<\/div>\n\t\t\t\t<\/div>\n\t\t\t\t<\/div>\n\t\t<div class=\"elementor-element elementor-element-41d537e e-con-full e-flex e-con e-parent\" data-id=\"41d537e\" data-element_type=\"container\">\n\t\t\t\t<div class=\"elementor-element elementor-element-9a728d3 elementor-widget elementor-widget-workdetailimage\" data-id=\"9a728d3\" data-element_type=\"widget\" data-widget_type=\"workdetailimage.default\">\n\t\t\t\t<div class=\"elementor-widget-container\">\n\t\t\t\n<!-- ===== Work Detail Full Image Start ===== -->\n<div class=\"work-detail-full-img-wrap work-detail-full-img-wrap2\">\n            <div class=\"work-detail-full-img\">\n        <img decoding=\"async\" src=\"https:\/\/reblit.com\/wp-content\/uploads\/2024\/09\/Mesa-de-trabajo-1-copia-33-100.jpg\" alt=\"\">\n    <\/div>\n        <\/div>\n<!-- ===== Work Detail Full Image End ===== -->\n\n\n    \t\t<\/div>\n\t\t\t\t<\/div>\n\t\t\t\t<\/div>\n\t\t<div class=\"elementor-element elementor-element-5bc77f2 e-con-full e-flex e-con e-parent\" data-id=\"5bc77f2\" data-element_type=\"container\">\n\t\t\t\t<div class=\"elementor-element elementor-element-c71681e elementor-widget elementor-widget-workdetailcontent\" data-id=\"c71681e\" data-element_type=\"widget\" data-widget_type=\"workdetailcontent.default\">\n\t\t\t\t<div class=\"elementor-widget-container\">\n\t\t\t\n<!-- ===== Work Detail2 Start ===== -->\n<div class=\"work-detail2-content-wrap work-detail2-content-wrap2\">\n            <div class=\"work-detail2-content-box\">\n        <div class=\"left\">\n            <h4>PROP\u00d3SITO<\/h4>\n        <\/div>\n        <div class=\"right\">\n            <p data-aos=\"slide-up\">Quattro naci\u00f3 para propagar la cultura del caf\u00e9 de especialidad en la ciudad. <\/p>\n        <\/div>\n    <\/div>\n        <\/div>\n<!-- ===== Work Detail2 End ===== -->\n \n    \n    \t\t<\/div>\n\t\t\t\t<\/div>\n\t\t\t\t<\/div>\n\t\t<div class=\"elementor-element elementor-element-f2aad1d e-con-full e-flex e-con e-parent\" data-id=\"f2aad1d\" data-element_type=\"container\">\n\t\t\t\t<div class=\"elementor-element elementor-element-b0f7119 elementor-widget__width-inherit elementor-widget elementor-widget-workdetailimage\" data-id=\"b0f7119\" data-element_type=\"widget\" data-widget_type=\"workdetailimage.default\">\n\t\t\t\t<div class=\"elementor-widget-container\">\n\t\t\t\n<!-- ===== Work Detail Full Image Start ===== -->\n<div class=\"work-detail-full-img-wrap work-detail-full-img-wrap2\">\n            <div class=\"work-detail-full-img\">\n        <img decoding=\"async\" src=\"https:\/\/reblit.com\/wp-content\/uploads\/2024\/09\/Mesa-de-trabajo-1-copia-36-100.jpg\" alt=\"\">\n    <\/div>\n                <div class=\"work-detail-full-img\">\n        <img decoding=\"async\" src=\"https:\/\/reblit.com\/wp-content\/uploads\/2024\/09\/Mesa-de-trabajo-1-copia-35-100.jpg\" alt=\"\">\n    <\/div>\n                <div class=\"work-detail-full-img\">\n        <img decoding=\"async\" src=\"https:\/\/reblit.com\/wp-content\/uploads\/2024\/09\/Mesa-de-trabajo-1-copia-37-100.jpg\" alt=\"\">\n    <\/div>\n                <div class=\"work-detail-full-img\">\n        <img decoding=\"async\" src=\"https:\/\/reblit.com\/wp-content\/uploads\/2024\/09\/Mesa-de-trabajo-1-copia-39-100.jpg\" alt=\"\">\n    <\/div>\n                <div class=\"work-detail-full-img\">\n        <img decoding=\"async\" src=\"https:\/\/reblit.com\/wp-content\/uploads\/2024\/09\/Mesa-de-trabajo-1-copia-40-100.jpg\" alt=\"\">\n    <\/div>\n                <div class=\"work-detail-full-img\">\n        <img decoding=\"async\" src=\"https:\/\/reblit.com\/wp-content\/uploads\/2024\/09\/Mesa-de-trabajo-1-copia-41-100.jpg\" alt=\"\">\n    <\/div>\n                <div class=\"work-detail-full-img\">\n        <img decoding=\"async\" src=\"https:\/\/reblit.com\/wp-content\/uploads\/2024\/09\/Mesa-de-trabajo-1-copia-42-100.jpg\" alt=\"\">\n    <\/div>\n                <div class=\"work-detail-full-img\">\n        <img decoding=\"async\" src=\"https:\/\/reblit.com\/wp-content\/uploads\/2024\/09\/Mesa-de-trabajo-1-copia-43-100.jpg\" alt=\"\">\n    <\/div>\n                <div class=\"work-detail-full-img\">\n        <img decoding=\"async\" src=\"https:\/\/reblit.com\/wp-content\/uploads\/2024\/09\/Mesa-de-trabajo-1-copia-44-100.jpg\" alt=\"\">\n    <\/div>\n                <div class=\"work-detail-full-img\">\n        <img decoding=\"async\" src=\"https:\/\/reblit.com\/wp-content\/uploads\/2024\/09\/Mesa-de-trabajo-1-copia-45-100.jpg\" alt=\"\">\n    <\/div>\n                <div class=\"work-detail-full-img\">\n        <img decoding=\"async\" src=\"https:\/\/reblit.com\/wp-content\/uploads\/2024\/09\/Mesa-de-trabajo-1-copia-46-100.jpg\" alt=\"\">\n    <\/div>\n                <div class=\"work-detail-full-img\">\n        <img decoding=\"async\" src=\"https:\/\/reblit.com\/wp-content\/uploads\/2024\/09\/Mesa-de-trabajo-1-copia-47-100.jpg\" alt=\"\">\n    <\/div>\n                <div class=\"work-detail-full-img\">\n        <img decoding=\"async\" src=\"https:\/\/reblit.com\/wp-content\/uploads\/2024\/09\/Mesa-de-trabajo-1-80.jpg\" alt=\"\">\n    <\/div>\n                <div class=\"work-detail-full-img\">\n        <img decoding=\"async\" src=\"https:\/\/reblit.com\/wp-content\/uploads\/2024\/09\/Mesa-de-trabajo-1-copia-48-100.jpg\" alt=\"\">\n    <\/div>\n        <\/div>\n<!-- ===== Work Detail Full Image End ===== -->\n\n\n    \t\t<\/div>\n\t\t\t\t<\/div>\n\t\t\t\t<\/div>\n\t\t<div class=\"elementor-element elementor-element-fefeac9 e-con-full e-flex e-con e-parent\" data-id=\"fefeac9\" data-element_type=\"container\">\n\t\t\t\t<div class=\"elementor-element elementor-element-4f36dac elementor-widget elementor-widget-workdetailanimationtext\" data-id=\"4f36dac\" data-element_type=\"widget\" data-widget_type=\"workdetailanimationtext.default\">\n\t\t\t\t<div class=\"elementor-widget-container\">\n\t\t\t\n<!-- ===== Work Detail Text Animation Start ===== -->\n<div class=\"work-detail-text-anim-wrap\">\n    <ul>\n                <li>MORE WORKS <span>MORE WORKS<\/span><\/li>\n                <li>MORE WORKS <span>MORE WORKS<\/span><\/li>\n                <li>MORE WORKS <span>MORE WORKS<\/span><\/li>\n                <li>MORE WORKS <span>MORE WORKS<\/span><\/li>\n            <\/ul>\n<\/div>\n<!-- ===== Work Detail Text Animation End ===== -->\n\n\n    \t\t<\/div>\n\t\t\t\t<\/div>\n\t\t\t\t<\/div>\n\t\t<div class=\"elementor-element elementor-element-4af59c6 e-con-full e-flex e-con e-parent\" data-id=\"4af59c6\" data-element_type=\"container\">\n\t\t\t\t<div class=\"elementor-element elementor-element-b9d6cc0 elementor-widget elementor-widget-homefeatured\" data-id=\"b9d6cc0\" data-element_type=\"widget\" data-widget_type=\"homefeatured.default\">\n\t\t\t\t<div class=\"elementor-widget-container\">\n\t\t\t\n<!-- ===== Featured Work Start ===== -->\n<section class=\"featured-work-sec\">\n    \n    <div class=\"featured-work-lists\">\n\n        \n                <!-- Featured Cart -->\n        <div class=\"featured-card\">\n            <a             class=\"link-overlay\" href=\"https:\/\/reblit.com\/verse\"><\/a>\n                        <div class=\"img-box\">\n                <img decoding=\"async\" src=\"https:\/\/reblit.com\/wp-content\/uploads\/2024\/07\/Logo_Bocetos-17-scaled.jpg\" alt=\"\">\n            <\/div>\n                        <div class=\"content\">\n                <div class=\"left\">\n                    <p class=\"title\">VERS\u00e9 caf\u00e9<\/p>\n                    <p class=\"subtitle\">Branding<\/p>\n                <\/div>\n                                <div class=\"right\">\n                    <span class=\"date\">2022<\/span>\n                <\/div>\n                            <\/div>\n        <\/div>\n                \n                <!-- Featured Cart -->\n        <div class=\"featured-card\">\n            <a             class=\"link-overlay\" href=\"https:\/\/reblit.com\/mgburgers\"><\/a>\n                        <div class=\"img-box\">\n                <img decoding=\"async\" src=\"https:\/\/reblit.com\/wp-content\/uploads\/2024\/09\/Mesa-de-trabajo-1-copia-42-80-1.jpg\" alt=\"\">\n            <\/div>\n                        <div class=\"content\">\n                <div class=\"left\">\n                    <p class=\"title\">MG Burgers<\/p>\n                    <p class=\"subtitle\">Branding<\/p>\n                <\/div>\n                                <div class=\"right\">\n                    <span class=\"date\">2024<\/span>\n                <\/div>\n                            <\/div>\n        <\/div>\n                \n                <!-- Featured Cart -->\n        <div class=\"featured-card\">\n            <a             class=\"link-overlay\" href=\"https:\/\/reblit.com\/wobox\"><\/a>\n                        <div class=\"img-box\">\n                <img decoding=\"async\" src=\"https:\/\/reblit.com\/wp-content\/uploads\/2024\/09\/Wobox_Identidad_Mesa-de-trabajo-1-copia-14-scaled.jpg\" alt=\"\">\n            <\/div>\n                        <div class=\"content\">\n                <div class=\"left\">\n                    <p class=\"title\">Wobox App<\/p>\n                    <p class=\"subtitle\">Branding<\/p>\n                <\/div>\n                                <div class=\"right\">\n                    <span class=\"date\">2023<\/span>\n                <\/div>\n                            <\/div>\n        <\/div>\n                \n    <\/div>\n<\/section>\n<!-- ===== Featured Work End ===== -->\n\n    \t\t<\/div>\n\t\t\t\t<\/div>\n\t\t\t\t<\/div>\n\t\t\t\t<\/div>\n\t\t","protected":false},"excerpt":{"rendered":"<p>Quattro Caf\u00e9 Branding e identidad visual para Quattro Caf\u00e9 CLIENT Quattro Caf\u00e9 YEAR 2024 Work Brand Identity EL PROYECTO Quattro es una cafeter\u00eda de especialidad que busca posicionarse como una buena alternativa para el caf\u00e9 social. Pasar el rato. Punto de encuentro.Un lugar que va a desarrollar eventos del mundo del caf\u00e9 y de otros [&hellip;]<\/p>\n","protected":false},"author":4,"featured_media":0,"parent":0,"menu_order":0,"comment_status":"closed","ping_status":"closed","template":"page-templates\/work-detail.php","meta":{"_acf_changed":false,"footnotes":""},"class_list":["post-103296","page","type-page","status-publish","hentry"],"acf":[],"_links":{"self":[{"href":"https:\/\/reblit.com\/es\/wp-json\/wp\/v2\/pages\/103296","targetHints":{"allow":["GET"]}}],"collection":[{"href":"https:\/\/reblit.com\/es\/wp-json\/wp\/v2\/pages"}],"about":[{"href":"https:\/\/reblit.com\/es\/wp-json\/wp\/v2\/types\/page"}],"author":[{"embeddable":true,"href":"https:\/\/reblit.com\/es\/wp-json\/wp\/v2\/users\/4"}],"replies":[{"embeddable":true,"href":"https:\/\/reblit.com\/es\/wp-json\/wp\/v2\/comments?post=103296"}],"version-history":[{"count":9,"href":"https:\/\/reblit.com\/es\/wp-json\/wp\/v2\/pages\/103296\/revisions"}],"predecessor-version":[{"id":103526,"href":"https:\/\/reblit.com\/es\/wp-json\/wp\/v2\/pages\/103296\/revisions\/103526"}],"wp:attachment":[{"href":"https:\/\/reblit.com\/es\/wp-json\/wp\/v2\/media?parent=103296"}],"curies":[{"name":"wp","href":"https:\/\/api.w.org\/{rel}","templated":true}]}}