{"id":103240,"date":"2024-09-25T17:36:44","date_gmt":"2024-09-25T20:36:44","guid":{"rendered":"http:\/\/reblit.com\/?page_id=103240"},"modified":"2025-03-20T15:05:35","modified_gmt":"2025-03-20T18:05:35","slug":"powerb2x","status":"publish","type":"page","link":"https:\/\/reblit.com\/es\/powerb2x\/","title":{"rendered":"Work Detail-Dark"},"content":{"rendered":"\t\t<div data-elementor-type=\"wp-page\" data-elementor-id=\"103240\" class=\"elementor elementor-103240\">\n\t\t\t\t<div class=\"elementor-element elementor-element-bb15831 e-con-full e-flex e-con e-parent\" data-id=\"bb15831\" data-element_type=\"container\">\n\t\t\t\t<div class=\"elementor-element elementor-element-f78821a elementor-widget elementor-widget-workdetailhero\" data-id=\"f78821a\" data-element_type=\"widget\" data-widget_type=\"workdetailhero.default\">\n\t\t\t\t<div class=\"elementor-widget-container\">\n\t\t\t\n<!-- ===== Work Detail Header Start ===== -->\n<section class=\"work-detail-header-infos\" data-aos=\"slide-up\">\n        <div class=\"work-detail-header-left\">\n        <h1>Powerb2x<\/h1>\n        <p>Branding e identidad visual para Powerb2x eCommerce Solution.<\/p>\n    <\/div>\n    \n        <div class=\"work-detail-header-right\">\n        <ul>\n                            <li><span>CLIENT<\/span> Power B2X<\/li>\n                            <li><span>YEAR<\/span> 2024<\/li>\n                            <li><span>Work<\/span> Brand Identity<\/li>\n                        <\/ul>    <\/div>\n    <\/section>\n<!-- ===== Work Detail Header End ===== -->\n   \n\n    \t\t<\/div>\n\t\t\t\t<\/div>\n\t\t\t\t<\/div>\n\t\t<div class=\"elementor-element elementor-element-0442296 e-con-full e-flex e-con e-parent\" data-id=\"0442296\" data-element_type=\"container\">\n\t\t\t\t<div class=\"elementor-element elementor-element-c0e0536 elementor-widget elementor-widget-workdetailimage\" data-id=\"c0e0536\" data-element_type=\"widget\" data-widget_type=\"workdetailimage.default\">\n\t\t\t\t<div class=\"elementor-widget-container\">\n\t\t\t\n<!-- ===== Work Detail Full Image Start ===== -->\n<div class=\"work-detail-full-img-wrap work-detail-full-img-wrap2\">\n            <div class=\"work-detail-full-img\">\n        <img decoding=\"async\" src=\"https:\/\/reblit.com\/wp-content\/uploads\/2024\/09\/Shirts-scaled.jpg\" alt=\"\">\n    <\/div>\n        <\/div>\n<!-- ===== Work Detail Full Image End ===== -->\n\n\n    \t\t<\/div>\n\t\t\t\t<\/div>\n\t\t\t\t<\/div>\n\t\t<div class=\"elementor-element elementor-element-e3eab1e e-con-full e-flex e-con e-parent\" data-id=\"e3eab1e\" data-element_type=\"container\">\n\t\t\t\t<div class=\"elementor-element elementor-element-29147f3 elementor-widget elementor-widget-workdetailcontent\" data-id=\"29147f3\" data-element_type=\"widget\" data-widget_type=\"workdetailcontent.default\">\n\t\t\t\t<div class=\"elementor-widget-container\">\n\t\t\t\n<!-- ===== Work Detail2 Start ===== -->\n<div class=\"work-detail2-content-wrap \">\n            <div class=\"work-detail2-content-box\">\n        <div class=\"left\">\n            <h4>EL PROYECTO<\/h4>\n        <\/div>\n        <div class=\"right\">\n            <p data-aos=\"slide-up\">Powerb2x es una soluci\u00f3n de ecommerce b2b que lleg\u00f3 al studio para dise\u00f1ar su identidad y su branding. Buscamos representar una imagen moderna, minimalista y tech que acompa\u00f1e el servicio y expertise del equipo que lleva a cabo esta soluci\u00f3n. <\/p>\n        <\/div>\n    <\/div>\n                <div class=\"work-detail2-content-box\">\n        <div class=\"left\">\n            <h4>PROP\u00d3SITO<\/h4>\n        <\/div>\n        <div class=\"right\">\n            <p data-aos=\"slide-up\">Powerb2x busca facilitar el camino de las empresas hacia la transformaci\u00f3n y evoluci\u00f3n digital en el mercado B2B.<\/p>\n        <\/div>\n    <\/div>\n        <\/div>\n<!-- ===== Work Detail2 End ===== -->\n \n    \n    \t\t<\/div>\n\t\t\t\t<\/div>\n\t\t\t\t<\/div>\n\t\t<div class=\"elementor-element elementor-element-41d537e e-con-full e-flex e-con e-parent\" data-id=\"41d537e\" data-element_type=\"container\">\n\t\t\t\t<div class=\"elementor-element elementor-element-9a728d3 elementor-widget elementor-widget-workdetailimage\" data-id=\"9a728d3\" data-element_type=\"widget\" data-widget_type=\"workdetailimage.default\">\n\t\t\t\t<div class=\"elementor-widget-container\">\n\t\t\t\n<!-- ===== Work Detail Full Image Start ===== -->\n<div class=\"work-detail-full-img-wrap work-detail-full-img-wrap2\">\n            <div class=\"work-detail-full-img\">\n        <img decoding=\"async\" src=\"https:\/\/reblit.com\/wp-content\/uploads\/2024\/09\/Cover-Brandbook-scaled.jpg\" alt=\"\">\n    <\/div>\n        <\/div>\n<!-- ===== Work Detail Full Image End ===== -->\n\n\n    \t\t<\/div>\n\t\t\t\t<\/div>\n\t\t\t\t<\/div>\n\t\t<div class=\"elementor-element elementor-element-5bc77f2 e-con-full e-flex e-con e-parent\" data-id=\"5bc77f2\" data-element_type=\"container\">\n\t\t\t\t<div class=\"elementor-element elementor-element-c71681e elementor-widget elementor-widget-workdetailcontent\" data-id=\"c71681e\" data-element_type=\"widget\" data-widget_type=\"workdetailcontent.default\">\n\t\t\t\t<div class=\"elementor-widget-container\">\n\t\t\t\n<!-- ===== Work Detail2 Start ===== -->\n<div class=\"work-detail2-content-wrap work-detail2-content-wrap2\">\n            <div class=\"work-detail2-content-box\">\n        <div class=\"left\">\n            <h4>EL CONCEPTO: UNA SOLUCI\u00d3N EFECTIVA<\/h4>\n        <\/div>\n        <div class=\"right\">\n            <p data-aos=\"slide-up\">Powerb2x tiene como esencia resolver problemas. Lo que los diferencia es que el problema que pueda tener un cliente, ya lo resolvieron y lo pueden probar con un caso de \u00e9xito. <\/p>\n        <\/div>\n    <\/div>\n        <\/div>\n<!-- ===== Work Detail2 End ===== -->\n \n    \n    \t\t<\/div>\n\t\t\t\t<\/div>\n\t\t\t\t<\/div>\n\t\t<div class=\"elementor-element elementor-element-f2aad1d e-con-full e-flex e-con e-parent\" data-id=\"f2aad1d\" data-element_type=\"container\">\n\t\t\t\t<div class=\"elementor-element elementor-element-b0f7119 elementor-widget__width-inherit elementor-widget elementor-widget-workdetailimage\" data-id=\"b0f7119\" data-element_type=\"widget\" data-widget_type=\"workdetailimage.default\">\n\t\t\t\t<div class=\"elementor-widget-container\">\n\t\t\t\n<!-- ===== Work Detail Full Image Start ===== -->\n<div class=\"work-detail-full-img-wrap work-detail-full-img-wrap2\">\n            <div class=\"work-detail-full-img\">\n        <img decoding=\"async\" src=\"https:\/\/reblit.com\/wp-content\/uploads\/2024\/09\/Tablet-scaled.jpg\" alt=\"\">\n    <\/div>\n                <div class=\"work-detail-full-img\">\n        <img decoding=\"async\" src=\"https:\/\/reblit.com\/wp-content\/uploads\/2024\/09\/Bags-scaled.jpg\" alt=\"\">\n    <\/div>\n                <div class=\"work-detail-full-img\">\n        <img decoding=\"async\" src=\"https:\/\/reblit.com\/wp-content\/uploads\/2024\/09\/Frame-scaled.jpg\" alt=\"\">\n    <\/div>\n                <div class=\"work-detail-full-img\">\n        <img decoding=\"async\" src=\"https:\/\/reblit.com\/wp-content\/uploads\/2024\/09\/Web-scaled.jpg\" alt=\"\">\n    <\/div>\n                <div class=\"work-detail-full-img\">\n        <img decoding=\"async\" src=\"https:\/\/reblit.com\/wp-content\/uploads\/2024\/09\/Cups-scaled.jpg\" alt=\"\">\n    <\/div>\n                <div class=\"work-detail-full-img\">\n        <img decoding=\"async\" src=\"https:\/\/reblit.com\/wp-content\/uploads\/2024\/09\/Mobile-scaled.jpg\" alt=\"\">\n    <\/div>\n                <div class=\"work-detail-full-img\">\n        <img decoding=\"async\" src=\"https:\/\/reblit.com\/wp-content\/uploads\/2024\/09\/Personal-Cards-scaled.jpg\" alt=\"\">\n    <\/div>\n                <div class=\"work-detail-full-img\">\n        <img decoding=\"async\" src=\"https:\/\/reblit.com\/wp-content\/uploads\/2024\/09\/Hoodies-scaled.jpg\" alt=\"\">\n    <\/div>\n        <\/div>\n<!-- ===== Work Detail Full Image End ===== -->\n\n\n    \t\t<\/div>\n\t\t\t\t<\/div>\n\t\t\t\t<\/div>\n\t\t<div class=\"elementor-element elementor-element-fefeac9 e-con-full e-flex e-con e-parent\" data-id=\"fefeac9\" data-element_type=\"container\">\n\t\t\t\t<div class=\"elementor-element elementor-element-4f36dac elementor-widget elementor-widget-workdetailanimationtext\" data-id=\"4f36dac\" data-element_type=\"widget\" data-widget_type=\"workdetailanimationtext.default\">\n\t\t\t\t<div class=\"elementor-widget-container\">\n\t\t\t\n<!-- ===== Work Detail Text Animation Start ===== -->\n<div class=\"work-detail-text-anim-wrap\">\n    <ul>\n                <li>MORE WORKS <span>MORE WORKS<\/span><\/li>\n                <li>MORE WORKS <span>MORE WORKS<\/span><\/li>\n                <li>MORE WORKS <span>MORE WORKS<\/span><\/li>\n                <li>MORE WORKS <span>MORE WORKS<\/span><\/li>\n            <\/ul>\n<\/div>\n<!-- ===== Work Detail Text Animation End ===== -->\n\n\n    \t\t<\/div>\n\t\t\t\t<\/div>\n\t\t\t\t<\/div>\n\t\t<div class=\"elementor-element elementor-element-4af59c6 e-con-full e-flex e-con e-parent\" data-id=\"4af59c6\" data-element_type=\"container\">\n\t\t\t\t<div class=\"elementor-element elementor-element-b9d6cc0 elementor-widget elementor-widget-homefeatured\" data-id=\"b9d6cc0\" data-element_type=\"widget\" data-widget_type=\"homefeatured.default\">\n\t\t\t\t<div class=\"elementor-widget-container\">\n\t\t\t\n<!-- ===== Featured Work Start ===== -->\n<section class=\"featured-work-sec\">\n    \n    <div class=\"featured-work-lists\">\n\n        \n                <!-- Featured Cart -->\n        <div class=\"featured-card\">\n            <a             class=\"link-overlay\" href=\"https:\/\/reblit.com\/piedpiper\"><\/a>\n                        <div class=\"img-box\">\n                <img decoding=\"async\" src=\"https:\/\/reblit.com\/wp-content\/uploads\/2024\/09\/Mockup-scaled.jpg\" alt=\"\">\n            <\/div>\n                        <div class=\"content\">\n                <div class=\"left\">\n                    <p class=\"title\">Pied Piper <\/p>\n                    <p class=\"subtitle\">Dise\u00f1o UX\/UI<\/p>\n                <\/div>\n                                <div class=\"right\">\n                    <span class=\"date\">2022<\/span>\n                <\/div>\n                            <\/div>\n        <\/div>\n                \n                <!-- Featured Cart -->\n        <div class=\"featured-card\">\n            <a             class=\"link-overlay\" href=\"http:\/\/reblit.com\/navarro70\"><\/a>\n                        <div class=\"img-box\">\n                <img decoding=\"async\" src=\"https:\/\/reblit.com\/wp-content\/uploads\/2024\/09\/Mesa-de-trabajo-1-copia-9-100-1.jpg\" alt=\"\">\n            <\/div>\n                        <div class=\"content\">\n                <div class=\"left\">\n                    <p class=\"title\">Navarro 70 a\u00f1os<\/p>\n                    <p class=\"subtitle\">Branding<\/p>\n                <\/div>\n                                <div class=\"right\">\n                    <span class=\"date\">2024<\/span>\n                <\/div>\n                            <\/div>\n        <\/div>\n                \n                <!-- Featured Cart -->\n        <div class=\"featured-card\">\n            <a             class=\"link-overlay\" href=\"https:\/\/reblit.com\/wobox\"><\/a>\n                        <div class=\"img-box\">\n                <img decoding=\"async\" src=\"https:\/\/reblit.com\/wp-content\/uploads\/2024\/09\/Wobox_Identidad_Mesa-de-trabajo-1-copia-14-scaled.jpg\" alt=\"\">\n            <\/div>\n                        <div class=\"content\">\n                <div class=\"left\">\n                    <p class=\"title\">Wobox<\/p>\n                    <p class=\"subtitle\">Branding<\/p>\n                <\/div>\n                                <div class=\"right\">\n                    <span class=\"date\">2024<\/span>\n                <\/div>\n                            <\/div>\n        <\/div>\n                \n    <\/div>\n<\/section>\n<!-- ===== Featured Work End ===== -->\n\n    \t\t<\/div>\n\t\t\t\t<\/div>\n\t\t\t\t<\/div>\n\t\t\t\t<\/div>\n\t\t","protected":false},"excerpt":{"rendered":"<p>Powerb2x Branding e identidad visual para Powerb2x eCommerce Solution. CLIENT Power B2X YEAR 2024 Work Brand Identity EL PROYECTO Powerb2x es una soluci\u00f3n de ecommerce b2b que lleg\u00f3 al studio para dise\u00f1ar su identidad y su branding. Buscamos representar una imagen moderna, minimalista y tech que acompa\u00f1e el servicio y expertise del equipo que lleva [&hellip;]<\/p>\n","protected":false},"author":4,"featured_media":0,"parent":0,"menu_order":0,"comment_status":"closed","ping_status":"closed","template":"page-templates\/work-detail.php","meta":{"_acf_changed":false,"footnotes":""},"class_list":["post-103240","page","type-page","status-publish","hentry"],"acf":[],"_links":{"self":[{"href":"https:\/\/reblit.com\/es\/wp-json\/wp\/v2\/pages\/103240","targetHints":{"allow":["GET"]}}],"collection":[{"href":"https:\/\/reblit.com\/es\/wp-json\/wp\/v2\/pages"}],"about":[{"href":"https:\/\/reblit.com\/es\/wp-json\/wp\/v2\/types\/page"}],"author":[{"embeddable":true,"href":"https:\/\/reblit.com\/es\/wp-json\/wp\/v2\/users\/4"}],"replies":[{"embeddable":true,"href":"https:\/\/reblit.com\/es\/wp-json\/wp\/v2\/comments?post=103240"}],"version-history":[{"count":15,"href":"https:\/\/reblit.com\/es\/wp-json\/wp\/v2\/pages\/103240\/revisions"}],"predecessor-version":[{"id":103511,"href":"https:\/\/reblit.com\/es\/wp-json\/wp\/v2\/pages\/103240\/revisions\/103511"}],"wp:attachment":[{"href":"https:\/\/reblit.com\/es\/wp-json\/wp\/v2\/media?parent=103240"}],"curies":[{"name":"wp","href":"https:\/\/api.w.org\/{rel}","templated":true}]}}